{"id":5153,"date":"2024-07-28T12:43:44","date_gmt":"2024-07-28T12:43:44","guid":{"rendered":"https:\/\/keti-test.it\/scae\/?post_type=product&#038;p=5153"},"modified":"2025-06-05T09:50:32","modified_gmt":"2025-06-05T09:50:32","slug":"lanterne-semaforiche-sp-in-policarbonato","status":"publish","type":"product","link":"https:\/\/keti-test.it\/scae\/product\/lanterne-semaforiche-sp-in-policarbonato\/","title":{"rendered":"SP LED"},"content":{"rendered":"","protected":false},"excerpt":{"rendered":"<p><strong>Lanterna Semaforica Led<\/strong><\/p>\n<p>Le lanterne semaforiche SCAE SP usano moduli ottici innovativi con LED ad alta intensit\u00e0 di ultima generazione. L\u2019unit\u00e0 ottica \u00e8 un monoblocco a protezione IP55 che si sostituisce ai componenti convenzionali finora usati, come lenti, parabole, portalampade e lampade.<\/p>\n<p>Un numero limitato di Led, massimo 4, produce una sorgente luminosa colorata di alta intensit\u00e0 i cui raggi aggiustati attraverso 2 speciali lenti danno al segnale una visibilit\u00e0 elevata, direzionale ed uniforme. L&#8217;ottica potente e duratura \u00e8 montata all&#8217;interno di una lanterna semaforica robusta ed elegante.<\/p>\n","protected":false},"featured_media":5165,"comment_status":"closed","ping_status":"closed","template":"","meta":[],"product_cat":[60,62],"product_tag":[],"class_list":["post-5153","product","type-product","status-publish","has-post-thumbnail","hentry","product_cat-impianti-semaforici","product_cat-lanterne-semaforiche-a-led"],"yoast_head":"<!-- This site is optimized with the Yoast SEO plugin v19.6 - https:\/\/yoast.com\/wordpress\/plugins\/seo\/ -->\n<title>SP LED - SCAE<\/title>\n<meta name=\"robots\" content=\"index, follow, max-snippet:-1, max-image-preview:large, max-video-preview:-1\" \/>\n<link rel=\"canonical\" href=\"https:\/\/keti-test.it\/scae\/product\/lanterne-semaforiche-sp-in-policarbonato\/\" \/>\n<meta property=\"og:locale\" content=\"it_IT\" \/>\n<meta property=\"og:type\" content=\"article\" \/>\n<meta property=\"og:title\" content=\"SP LED - SCAE\" \/>\n<meta property=\"og:description\" content=\"Lanterna Semaforica Led  Le lanterne semaforiche SCAE SP usano moduli ottici innovativi con LED ad alta intensit\u00e0 di ultima generazione. L\u2019unit\u00e0 ottica \u00e8 un monoblocco a protezione IP55 che si sostituisce ai componenti convenzionali finora usati, come lenti, parabole, portalampade e lampade.  Un numero limitato di Led, massimo 4, produce una sorgente luminosa colorata di alta intensit\u00e0 i cui raggi aggiustati attraverso 2 speciali lenti danno al segnale una visibilit\u00e0 elevata, direzionale ed uniforme. L&#039;ottica potente e duratura \u00e8 montata all&#039;interno di una lanterna semaforica robusta ed elegante.\" \/>\n<meta property=\"og:url\" content=\"https:\/\/keti-test.it\/scae\/product\/lanterne-semaforiche-sp-in-policarbonato\/\" \/>\n<meta property=\"og:site_name\" content=\"SCAE\" \/>\n<meta property=\"article:modified_time\" content=\"2025-06-05T09:50:32+00:00\" \/>\n<meta property=\"og:image\" content=\"https:\/\/keti-test.it\/scae\/wp-content\/uploads\/2022\/10\/LANTERNE-SEMAFORICHE-SP-IN-POLICARBONATO-scae-lanterne-a-led.jpg\" \/>\n\t<meta property=\"og:image:width\" content=\"800\" \/>\n\t<meta property=\"og:image:height\" content=\"949\" \/>\n\t<meta property=\"og:image:type\" content=\"image\/jpeg\" \/>\n<meta name=\"twitter:card\" content=\"summary_large_image\" \/>\n<script type=\"application\/ld+json\" class=\"yoast-schema-graph\">{\"@context\":\"https:\/\/schema.org\",\"@graph\":[{\"@type\":\"WebPage\",\"@id\":\"https:\/\/keti-test.it\/scae\/product\/lanterne-semaforiche-sp-in-policarbonato\/\",\"url\":\"https:\/\/keti-test.it\/scae\/product\/lanterne-semaforiche-sp-in-policarbonato\/\",\"name\":\"SP LED - SCAE\",\"isPartOf\":{\"@id\":\"https:\/\/keti-test.it\/scae\/#website\"},\"datePublished\":\"2024-07-28T12:43:44+00:00\",\"dateModified\":\"2025-06-05T09:50:32+00:00\",\"breadcrumb\":{\"@id\":\"https:\/\/keti-test.it\/scae\/product\/lanterne-semaforiche-sp-in-policarbonato\/#breadcrumb\"},\"inLanguage\":\"it-IT\",\"potentialAction\":[{\"@type\":\"ReadAction\",\"target\":[\"https:\/\/keti-test.it\/scae\/product\/lanterne-semaforiche-sp-in-policarbonato\/\"]}]},{\"@type\":\"BreadcrumbList\",\"@id\":\"https:\/\/keti-test.it\/scae\/product\/lanterne-semaforiche-sp-in-policarbonato\/#breadcrumb\",\"itemListElement\":[{\"@type\":\"ListItem\",\"position\":1,\"name\":\"Home\",\"item\":\"https:\/\/keti-test.it\/scae\/\"},{\"@type\":\"ListItem\",\"position\":2,\"name\":\"Prodotti\",\"item\":\"https:\/\/keti-test.it\/scae\/shop__trashed\/\"},{\"@type\":\"ListItem\",\"position\":3,\"name\":\"SP LED\"}]},{\"@type\":\"WebSite\",\"@id\":\"https:\/\/keti-test.it\/scae\/#website\",\"url\":\"https:\/\/keti-test.it\/scae\/\",\"name\":\"SCAE\",\"description\":\"Safe Mobility\",\"potentialAction\":[{\"@type\":\"SearchAction\",\"target\":{\"@type\":\"EntryPoint\",\"urlTemplate\":\"https:\/\/keti-test.it\/scae\/?s={search_term_string}\"},\"query-input\":\"required name=search_term_string\"}],\"inLanguage\":\"it-IT\"}]}<\/script>\n<!-- \/ Yoast SEO plugin. -->","yoast_head_json":{"title":"SP LED - SCAE","robots":{"index":"index","follow":"follow","max-snippet":"max-snippet:-1","max-image-preview":"max-image-preview:large","max-video-preview":"max-video-preview:-1"},"canonical":"https:\/\/keti-test.it\/scae\/product\/lanterne-semaforiche-sp-in-policarbonato\/","og_locale":"it_IT","og_type":"article","og_title":"SP LED - SCAE","og_description":"Lanterna Semaforica Led  Le lanterne semaforiche SCAE SP usano moduli ottici innovativi con LED ad alta intensit\u00e0 di ultima generazione. L\u2019unit\u00e0 ottica \u00e8 un monoblocco a protezione IP55 che si sostituisce ai componenti convenzionali finora usati, come lenti, parabole, portalampade e lampade.  Un numero limitato di Led, massimo 4, produce una sorgente luminosa colorata di alta intensit\u00e0 i cui raggi aggiustati attraverso 2 speciali lenti danno al segnale una visibilit\u00e0 elevata, direzionale ed uniforme. L'ottica potente e duratura \u00e8 montata all'interno di una lanterna semaforica robusta ed elegante.","og_url":"https:\/\/keti-test.it\/scae\/product\/lanterne-semaforiche-sp-in-policarbonato\/","og_site_name":"SCAE","article_modified_time":"2025-06-05T09:50:32+00:00","og_image":[{"width":800,"height":949,"url":"https:\/\/keti-test.it\/scae\/wp-content\/uploads\/2022\/10\/LANTERNE-SEMAFORICHE-SP-IN-POLICARBONATO-scae-lanterne-a-led.jpg","type":"image\/jpeg"}],"twitter_card":"summary_large_image","schema":{"@context":"https:\/\/schema.org","@graph":[{"@type":"WebPage","@id":"https:\/\/keti-test.it\/scae\/product\/lanterne-semaforiche-sp-in-policarbonato\/","url":"https:\/\/keti-test.it\/scae\/product\/lanterne-semaforiche-sp-in-policarbonato\/","name":"SP LED - SCAE","isPartOf":{"@id":"https:\/\/keti-test.it\/scae\/#website"},"datePublished":"2024-07-28T12:43:44+00:00","dateModified":"2025-06-05T09:50:32+00:00","breadcrumb":{"@id":"https:\/\/keti-test.it\/scae\/product\/lanterne-semaforiche-sp-in-policarbonato\/#breadcrumb"},"inLanguage":"it-IT","potentialAction":[{"@type":"ReadAction","target":["https:\/\/keti-test.it\/scae\/product\/lanterne-semaforiche-sp-in-policarbonato\/"]}]},{"@type":"BreadcrumbList","@id":"https:\/\/keti-test.it\/scae\/product\/lanterne-semaforiche-sp-in-policarbonato\/#breadcrumb","itemListElement":[{"@type":"ListItem","position":1,"name":"Home","item":"https:\/\/keti-test.it\/scae\/"},{"@type":"ListItem","position":2,"name":"Prodotti","item":"https:\/\/keti-test.it\/scae\/shop__trashed\/"},{"@type":"ListItem","position":3,"name":"SP LED"}]},{"@type":"WebSite","@id":"https:\/\/keti-test.it\/scae\/#website","url":"https:\/\/keti-test.it\/scae\/","name":"SCAE","description":"Safe Mobility","potentialAction":[{"@type":"SearchAction","target":{"@type":"EntryPoint","urlTemplate":"https:\/\/keti-test.it\/scae\/?s={search_term_string}"},"query-input":"required name=search_term_string"}],"inLanguage":"it-IT"}]}},"_links":{"self":[{"href":"https:\/\/keti-test.it\/scae\/wp-json\/wp\/v2\/product\/5153","targetHints":{"allow":["GET"]}}],"collection":[{"href":"https:\/\/keti-test.it\/scae\/wp-json\/wp\/v2\/product"}],"about":[{"href":"https:\/\/keti-test.it\/scae\/wp-json\/wp\/v2\/types\/product"}],"replies":[{"embeddable":true,"href":"https:\/\/keti-test.it\/scae\/wp-json\/wp\/v2\/comments?post=5153"}],"wp:featuredmedia":[{"embeddable":true,"href":"https:\/\/keti-test.it\/scae\/wp-json\/wp\/v2\/media\/5165"}],"wp:attachment":[{"href":"https:\/\/keti-test.it\/scae\/wp-json\/wp\/v2\/media?parent=5153"}],"wp:term":[{"taxonomy":"product_cat","embeddable":true,"href":"https:\/\/keti-test.it\/scae\/wp-json\/wp\/v2\/product_cat?post=5153"},{"taxonomy":"product_tag","embeddable":true,"href":"https:\/\/keti-test.it\/scae\/wp-json\/wp\/v2\/product_tag?post=5153"}],"curies":[{"name":"wp","href":"https:\/\/api.w.org\/{rel}","templated":true}]}}