{"id":5336,"date":"2024-05-22T22:22:54","date_gmt":"2024-05-22T22:22:54","guid":{"rendered":"https:\/\/keti-test.it\/scae\/?post_type=product&#038;p=5336"},"modified":"2025-07-09T12:41:45","modified_gmt":"2025-07-09T12:41:45","slug":"smc-solar","status":"publish","type":"product","link":"https:\/\/keti-test.it\/scae\/product\/smc-solar\/","title":{"rendered":"SMC SOLAR"},"content":{"rendered":"","protected":false},"excerpt":{"rendered":"<p><strong>SMC<\/strong> \u00e8 un <strong>regolatore semaforico<\/strong> pensato per la gestione di sensi unici alternati in modalit\u00e0 senza fili e offgrid. Ideale anche per piccoli incroci, uscita di veicoli da lavoro, strade di montagna, cantieri ecc&#8230; \u00e8 stato progettato per offrire la <strong>massima flessibilit\u00e0 e semplicit\u00e0 d&#8217;uso<\/strong> per soddisfare anche le casistiche particolari dei clienti pi\u00f9 esigenti.<\/p>\n","protected":false},"featured_media":5338,"comment_status":"closed","ping_status":"closed","template":"","meta":[],"product_cat":[60,61],"product_tag":[],"class_list":["post-5336","product","type-product","status-publish","has-post-thumbnail","hentry","product_cat-impianti-semaforici","product_cat-regolatori-semaforici"],"yoast_head":"<!-- This site is optimized with the Yoast SEO plugin v19.6 - https:\/\/yoast.com\/wordpress\/plugins\/seo\/ -->\n<title>SMC SOLAR - SCAE<\/title>\n<meta name=\"robots\" content=\"index, follow, max-snippet:-1, max-image-preview:large, max-video-preview:-1\" \/>\n<link rel=\"canonical\" href=\"https:\/\/keti-test.it\/scae\/product\/smc-solar\/\" \/>\n<meta property=\"og:locale\" content=\"it_IT\" \/>\n<meta property=\"og:type\" content=\"article\" \/>\n<meta property=\"og:title\" content=\"SMC SOLAR - SCAE\" \/>\n<meta property=\"og:description\" content=\"SMC \u00e8 un regolatore semaforico pensato per la gestione di sensi unici alternati in modalit\u00e0 senza fili e offgrid. Ideale anche per piccoli incroci, uscita di veicoli da lavoro, strade di montagna, cantieri ecc... \u00e8 stato progettato per offrire la massima flessibilit\u00e0 e semplicit\u00e0 d&#039;uso per soddisfare anche le casistiche particolari dei clienti pi\u00f9 esigenti.\" \/>\n<meta property=\"og:url\" content=\"https:\/\/keti-test.it\/scae\/product\/smc-solar\/\" \/>\n<meta property=\"og:site_name\" content=\"SCAE\" \/>\n<meta property=\"article:modified_time\" content=\"2025-07-09T12:41:45+00:00\" \/>\n<meta property=\"og:image\" content=\"https:\/\/keti-test.it\/scae\/wp-content\/uploads\/2024\/06\/SCM-Solar.jpg\" \/>\n\t<meta property=\"og:image:width\" content=\"800\" \/>\n\t<meta property=\"og:image:height\" content=\"949\" \/>\n\t<meta property=\"og:image:type\" content=\"image\/jpeg\" \/>\n<meta name=\"twitter:card\" content=\"summary_large_image\" \/>\n<script type=\"application\/ld+json\" class=\"yoast-schema-graph\">{\"@context\":\"https:\/\/schema.org\",\"@graph\":[{\"@type\":\"WebPage\",\"@id\":\"https:\/\/keti-test.it\/scae\/product\/smc-solar\/\",\"url\":\"https:\/\/keti-test.it\/scae\/product\/smc-solar\/\",\"name\":\"SMC SOLAR - SCAE\",\"isPartOf\":{\"@id\":\"https:\/\/keti-test.it\/scae\/#website\"},\"datePublished\":\"2024-05-22T22:22:54+00:00\",\"dateModified\":\"2025-07-09T12:41:45+00:00\",\"breadcrumb\":{\"@id\":\"https:\/\/keti-test.it\/scae\/product\/smc-solar\/#breadcrumb\"},\"inLanguage\":\"it-IT\",\"potentialAction\":[{\"@type\":\"ReadAction\",\"target\":[\"https:\/\/keti-test.it\/scae\/product\/smc-solar\/\"]}]},{\"@type\":\"BreadcrumbList\",\"@id\":\"https:\/\/keti-test.it\/scae\/product\/smc-solar\/#breadcrumb\",\"itemListElement\":[{\"@type\":\"ListItem\",\"position\":1,\"name\":\"Home\",\"item\":\"https:\/\/keti-test.it\/scae\/\"},{\"@type\":\"ListItem\",\"position\":2,\"name\":\"Prodotti\",\"item\":\"https:\/\/keti-test.it\/scae\/shop__trashed\/\"},{\"@type\":\"ListItem\",\"position\":3,\"name\":\"SMC SOLAR\"}]},{\"@type\":\"WebSite\",\"@id\":\"https:\/\/keti-test.it\/scae\/#website\",\"url\":\"https:\/\/keti-test.it\/scae\/\",\"name\":\"SCAE\",\"description\":\"Safe Mobility\",\"potentialAction\":[{\"@type\":\"SearchAction\",\"target\":{\"@type\":\"EntryPoint\",\"urlTemplate\":\"https:\/\/keti-test.it\/scae\/?s={search_term_string}\"},\"query-input\":\"required name=search_term_string\"}],\"inLanguage\":\"it-IT\"}]}<\/script>\n<!-- \/ Yoast SEO plugin. -->","yoast_head_json":{"title":"SMC SOLAR - SCAE","robots":{"index":"index","follow":"follow","max-snippet":"max-snippet:-1","max-image-preview":"max-image-preview:large","max-video-preview":"max-video-preview:-1"},"canonical":"https:\/\/keti-test.it\/scae\/product\/smc-solar\/","og_locale":"it_IT","og_type":"article","og_title":"SMC SOLAR - SCAE","og_description":"SMC \u00e8 un regolatore semaforico pensato per la gestione di sensi unici alternati in modalit\u00e0 senza fili e offgrid. Ideale anche per piccoli incroci, uscita di veicoli da lavoro, strade di montagna, cantieri ecc... \u00e8 stato progettato per offrire la massima flessibilit\u00e0 e semplicit\u00e0 d'uso per soddisfare anche le casistiche particolari dei clienti pi\u00f9 esigenti.","og_url":"https:\/\/keti-test.it\/scae\/product\/smc-solar\/","og_site_name":"SCAE","article_modified_time":"2025-07-09T12:41:45+00:00","og_image":[{"width":800,"height":949,"url":"https:\/\/keti-test.it\/scae\/wp-content\/uploads\/2024\/06\/SCM-Solar.jpg","type":"image\/jpeg"}],"twitter_card":"summary_large_image","schema":{"@context":"https:\/\/schema.org","@graph":[{"@type":"WebPage","@id":"https:\/\/keti-test.it\/scae\/product\/smc-solar\/","url":"https:\/\/keti-test.it\/scae\/product\/smc-solar\/","name":"SMC SOLAR - SCAE","isPartOf":{"@id":"https:\/\/keti-test.it\/scae\/#website"},"datePublished":"2024-05-22T22:22:54+00:00","dateModified":"2025-07-09T12:41:45+00:00","breadcrumb":{"@id":"https:\/\/keti-test.it\/scae\/product\/smc-solar\/#breadcrumb"},"inLanguage":"it-IT","potentialAction":[{"@type":"ReadAction","target":["https:\/\/keti-test.it\/scae\/product\/smc-solar\/"]}]},{"@type":"BreadcrumbList","@id":"https:\/\/keti-test.it\/scae\/product\/smc-solar\/#breadcrumb","itemListElement":[{"@type":"ListItem","position":1,"name":"Home","item":"https:\/\/keti-test.it\/scae\/"},{"@type":"ListItem","position":2,"name":"Prodotti","item":"https:\/\/keti-test.it\/scae\/shop__trashed\/"},{"@type":"ListItem","position":3,"name":"SMC SOLAR"}]},{"@type":"WebSite","@id":"https:\/\/keti-test.it\/scae\/#website","url":"https:\/\/keti-test.it\/scae\/","name":"SCAE","description":"Safe Mobility","potentialAction":[{"@type":"SearchAction","target":{"@type":"EntryPoint","urlTemplate":"https:\/\/keti-test.it\/scae\/?s={search_term_string}"},"query-input":"required name=search_term_string"}],"inLanguage":"it-IT"}]}},"_links":{"self":[{"href":"https:\/\/keti-test.it\/scae\/wp-json\/wp\/v2\/product\/5336","targetHints":{"allow":["GET"]}}],"collection":[{"href":"https:\/\/keti-test.it\/scae\/wp-json\/wp\/v2\/product"}],"about":[{"href":"https:\/\/keti-test.it\/scae\/wp-json\/wp\/v2\/types\/product"}],"replies":[{"embeddable":true,"href":"https:\/\/keti-test.it\/scae\/wp-json\/wp\/v2\/comments?post=5336"}],"wp:featuredmedia":[{"embeddable":true,"href":"https:\/\/keti-test.it\/scae\/wp-json\/wp\/v2\/media\/5338"}],"wp:attachment":[{"href":"https:\/\/keti-test.it\/scae\/wp-json\/wp\/v2\/media?parent=5336"}],"wp:term":[{"taxonomy":"product_cat","embeddable":true,"href":"https:\/\/keti-test.it\/scae\/wp-json\/wp\/v2\/product_cat?post=5336"},{"taxonomy":"product_tag","embeddable":true,"href":"https:\/\/keti-test.it\/scae\/wp-json\/wp\/v2\/product_tag?post=5336"}],"curies":[{"name":"wp","href":"https:\/\/api.w.org\/{rel}","templated":true}]}}