{"id":5411,"date":"2024-06-28T08:39:55","date_gmt":"2024-06-28T08:39:55","guid":{"rendered":"https:\/\/keti-test.it\/scae\/?post_type=product&#038;p=5411"},"modified":"2025-06-07T22:03:10","modified_gmt":"2025-06-07T22:03:10","slug":"parcometro-citea","status":"publish","type":"product","link":"https:\/\/keti-test.it\/scae\/product\/parcometro-citea\/","title":{"rendered":"PARCOMETRO CITEA\u00a0"},"content":{"rendered":"","protected":false},"excerpt":{"rendered":"<p><strong>Soluzione Flessibile e Intelligente per la Sosta<\/strong><\/p>\n<p>Il <strong>parcometro Citea<\/strong> \u00e8 una <strong>soluzione su misura per una gestione intelligente dei parcheggi su strada<\/strong>. Grazie all&#8217;elevato livello di modularit\u00e0, componenti chiave come il sistema di pagamento, l&#8217;alimentazione e la comunicazione integrata rendono il sistema flessibile alle esigenze di ogni gestore.<\/p>\n<p>Il <strong>parcometro<\/strong> pu\u00f2 funzionare con energia elettrica di rete, solamente con pannello solare e adeguata batteria o in modalit\u00e0 mista. La tariffa di sosta pu\u00f2 essere pagata in modo rapido e semplice in contanti, carte di credito, tessere a scalare o APP da telefono cellulare.<\/p>\n","protected":false},"featured_media":5775,"comment_status":"closed","ping_status":"closed","template":"","meta":[],"product_cat":[78,76],"product_tag":[],"class_list":["post-5411","product","type-product","status-publish","has-post-thumbnail","hentry","product_cat-parcometri","product_cat-sosta-e-mobilita"],"yoast_head":"<!-- This site is optimized with the Yoast SEO plugin v19.6 - https:\/\/yoast.com\/wordpress\/plugins\/seo\/ -->\n<title>PARCOMETRO CITEA\u00a0 - SCAE<\/title>\n<meta name=\"robots\" content=\"index, follow, max-snippet:-1, max-image-preview:large, max-video-preview:-1\" \/>\n<link rel=\"canonical\" href=\"https:\/\/keti-test.it\/scae\/product\/parcometro-citea\/\" \/>\n<meta property=\"og:locale\" content=\"it_IT\" \/>\n<meta property=\"og:type\" content=\"article\" \/>\n<meta property=\"og:title\" content=\"PARCOMETRO CITEA\u00a0 - SCAE\" \/>\n<meta property=\"og:description\" content=\"Soluzione Flessibile e Intelligente per la Sosta  Il parcometro Citea \u00e8 una soluzione su misura per una gestione intelligente dei parcheggi su strada. Grazie all&#039;elevato livello di modularit\u00e0, componenti chiave come il sistema di pagamento, l&#039;alimentazione e la comunicazione integrata rendono il sistema flessibile alle esigenze di ogni gestore.  Il parcometro pu\u00f2 funzionare con energia elettrica di rete, solamente con pannello solare e adeguata batteria o in modalit\u00e0 mista. La tariffa di sosta pu\u00f2 essere pagata in modo rapido e semplice in contanti, carte di credito, tessere a scalare o APP da telefono cellulare.\" \/>\n<meta property=\"og:url\" content=\"https:\/\/keti-test.it\/scae\/product\/parcometro-citea\/\" \/>\n<meta property=\"og:site_name\" content=\"SCAE\" \/>\n<meta property=\"article:modified_time\" content=\"2025-06-07T22:03:10+00:00\" \/>\n<meta property=\"og:image\" content=\"https:\/\/keti-test.it\/scae\/wp-content\/uploads\/2024\/06\/Parcometro-citea-new.jpg\" \/>\n\t<meta property=\"og:image:width\" content=\"800\" \/>\n\t<meta property=\"og:image:height\" content=\"949\" \/>\n\t<meta property=\"og:image:type\" content=\"image\/jpeg\" \/>\n<meta name=\"twitter:card\" content=\"summary_large_image\" \/>\n<script type=\"application\/ld+json\" class=\"yoast-schema-graph\">{\"@context\":\"https:\/\/schema.org\",\"@graph\":[{\"@type\":\"WebPage\",\"@id\":\"https:\/\/keti-test.it\/scae\/product\/parcometro-citea\/\",\"url\":\"https:\/\/keti-test.it\/scae\/product\/parcometro-citea\/\",\"name\":\"PARCOMETRO CITEA\u00a0 - SCAE\",\"isPartOf\":{\"@id\":\"https:\/\/keti-test.it\/scae\/#website\"},\"datePublished\":\"2024-06-28T08:39:55+00:00\",\"dateModified\":\"2025-06-07T22:03:10+00:00\",\"breadcrumb\":{\"@id\":\"https:\/\/keti-test.it\/scae\/product\/parcometro-citea\/#breadcrumb\"},\"inLanguage\":\"it-IT\",\"potentialAction\":[{\"@type\":\"ReadAction\",\"target\":[\"https:\/\/keti-test.it\/scae\/product\/parcometro-citea\/\"]}]},{\"@type\":\"BreadcrumbList\",\"@id\":\"https:\/\/keti-test.it\/scae\/product\/parcometro-citea\/#breadcrumb\",\"itemListElement\":[{\"@type\":\"ListItem\",\"position\":1,\"name\":\"Home\",\"item\":\"https:\/\/keti-test.it\/scae\/\"},{\"@type\":\"ListItem\",\"position\":2,\"name\":\"Prodotti\",\"item\":\"https:\/\/keti-test.it\/scae\/shop__trashed\/\"},{\"@type\":\"ListItem\",\"position\":3,\"name\":\"PARCOMETRO CITEA\u00a0\"}]},{\"@type\":\"WebSite\",\"@id\":\"https:\/\/keti-test.it\/scae\/#website\",\"url\":\"https:\/\/keti-test.it\/scae\/\",\"name\":\"SCAE\",\"description\":\"Safe Mobility\",\"potentialAction\":[{\"@type\":\"SearchAction\",\"target\":{\"@type\":\"EntryPoint\",\"urlTemplate\":\"https:\/\/keti-test.it\/scae\/?s={search_term_string}\"},\"query-input\":\"required name=search_term_string\"}],\"inLanguage\":\"it-IT\"}]}<\/script>\n<!-- \/ Yoast SEO plugin. -->","yoast_head_json":{"title":"PARCOMETRO CITEA\u00a0 - SCAE","robots":{"index":"index","follow":"follow","max-snippet":"max-snippet:-1","max-image-preview":"max-image-preview:large","max-video-preview":"max-video-preview:-1"},"canonical":"https:\/\/keti-test.it\/scae\/product\/parcometro-citea\/","og_locale":"it_IT","og_type":"article","og_title":"PARCOMETRO CITEA\u00a0 - SCAE","og_description":"Soluzione Flessibile e Intelligente per la Sosta  Il parcometro Citea \u00e8 una soluzione su misura per una gestione intelligente dei parcheggi su strada. Grazie all'elevato livello di modularit\u00e0, componenti chiave come il sistema di pagamento, l'alimentazione e la comunicazione integrata rendono il sistema flessibile alle esigenze di ogni gestore.  Il parcometro pu\u00f2 funzionare con energia elettrica di rete, solamente con pannello solare e adeguata batteria o in modalit\u00e0 mista. La tariffa di sosta pu\u00f2 essere pagata in modo rapido e semplice in contanti, carte di credito, tessere a scalare o APP da telefono cellulare.","og_url":"https:\/\/keti-test.it\/scae\/product\/parcometro-citea\/","og_site_name":"SCAE","article_modified_time":"2025-06-07T22:03:10+00:00","og_image":[{"width":800,"height":949,"url":"https:\/\/keti-test.it\/scae\/wp-content\/uploads\/2024\/06\/Parcometro-citea-new.jpg","type":"image\/jpeg"}],"twitter_card":"summary_large_image","schema":{"@context":"https:\/\/schema.org","@graph":[{"@type":"WebPage","@id":"https:\/\/keti-test.it\/scae\/product\/parcometro-citea\/","url":"https:\/\/keti-test.it\/scae\/product\/parcometro-citea\/","name":"PARCOMETRO CITEA\u00a0 - SCAE","isPartOf":{"@id":"https:\/\/keti-test.it\/scae\/#website"},"datePublished":"2024-06-28T08:39:55+00:00","dateModified":"2025-06-07T22:03:10+00:00","breadcrumb":{"@id":"https:\/\/keti-test.it\/scae\/product\/parcometro-citea\/#breadcrumb"},"inLanguage":"it-IT","potentialAction":[{"@type":"ReadAction","target":["https:\/\/keti-test.it\/scae\/product\/parcometro-citea\/"]}]},{"@type":"BreadcrumbList","@id":"https:\/\/keti-test.it\/scae\/product\/parcometro-citea\/#breadcrumb","itemListElement":[{"@type":"ListItem","position":1,"name":"Home","item":"https:\/\/keti-test.it\/scae\/"},{"@type":"ListItem","position":2,"name":"Prodotti","item":"https:\/\/keti-test.it\/scae\/shop__trashed\/"},{"@type":"ListItem","position":3,"name":"PARCOMETRO CITEA\u00a0"}]},{"@type":"WebSite","@id":"https:\/\/keti-test.it\/scae\/#website","url":"https:\/\/keti-test.it\/scae\/","name":"SCAE","description":"Safe Mobility","potentialAction":[{"@type":"SearchAction","target":{"@type":"EntryPoint","urlTemplate":"https:\/\/keti-test.it\/scae\/?s={search_term_string}"},"query-input":"required name=search_term_string"}],"inLanguage":"it-IT"}]}},"_links":{"self":[{"href":"https:\/\/keti-test.it\/scae\/wp-json\/wp\/v2\/product\/5411","targetHints":{"allow":["GET"]}}],"collection":[{"href":"https:\/\/keti-test.it\/scae\/wp-json\/wp\/v2\/product"}],"about":[{"href":"https:\/\/keti-test.it\/scae\/wp-json\/wp\/v2\/types\/product"}],"replies":[{"embeddable":true,"href":"https:\/\/keti-test.it\/scae\/wp-json\/wp\/v2\/comments?post=5411"}],"wp:featuredmedia":[{"embeddable":true,"href":"https:\/\/keti-test.it\/scae\/wp-json\/wp\/v2\/media\/5775"}],"wp:attachment":[{"href":"https:\/\/keti-test.it\/scae\/wp-json\/wp\/v2\/media?parent=5411"}],"wp:term":[{"taxonomy":"product_cat","embeddable":true,"href":"https:\/\/keti-test.it\/scae\/wp-json\/wp\/v2\/product_cat?post=5411"},{"taxonomy":"product_tag","embeddable":true,"href":"https:\/\/keti-test.it\/scae\/wp-json\/wp\/v2\/product_tag?post=5411"}],"curies":[{"name":"wp","href":"https:\/\/api.w.org\/{rel}","templated":true}]}}