{"id":5433,"date":"2024-06-28T11:40:02","date_gmt":"2024-06-28T11:40:02","guid":{"rendered":"https:\/\/keti-test.it\/scae\/?post_type=product&#038;p=5433"},"modified":"2025-06-07T19:31:56","modified_gmt":"2025-06-07T19:31:56","slug":"tma-011","status":"publish","type":"product","link":"https:\/\/keti-test.it\/scae\/product\/tma-011\/","title":{"rendered":"TMA 011"},"content":{"rendered":"","protected":false},"excerpt":{"rendered":"<p><strong>Rilevatore Pedoni e Ciclisti<\/strong><\/p>\n<p>Il <strong>TMA-011<\/strong> \u00e8 destinato al rilevamento di pedoni e ciclisti. La distanza di rilevamento \u00e8 regolabile fino a 30 m.<\/p>\n<p>Il sistema adatta la durata del verde pedonale al flusso dell&#8217;attraversamento. Inoltre pu\u00f2 riattivare una luce in standby o chiamare una fase verde per i ciclisti, senza far loro appoggiare il piede a terra per premere il pulsante di chiamata. <strong>Compatto e leggero, si installa in modo rapido<\/strong>, senza bisogno di arrestare il traffico n\u00e9 di lavori di ingegneria civile.<\/p>\n","protected":false},"featured_media":5434,"comment_status":"closed","ping_status":"closed","template":"","meta":[],"product_cat":[60,64],"product_tag":[],"class_list":["post-5433","product","type-product","status-publish","has-post-thumbnail","hentry","product_cat-impianti-semaforici","product_cat-sensori"],"yoast_head":"<!-- This site is optimized with the Yoast SEO plugin v19.6 - https:\/\/yoast.com\/wordpress\/plugins\/seo\/ -->\n<title>TMA 011 - SCAE<\/title>\n<meta name=\"robots\" content=\"index, follow, max-snippet:-1, max-image-preview:large, max-video-preview:-1\" \/>\n<link rel=\"canonical\" href=\"https:\/\/keti-test.it\/scae\/product\/tma-011\/\" \/>\n<meta property=\"og:locale\" content=\"it_IT\" \/>\n<meta property=\"og:type\" content=\"article\" \/>\n<meta property=\"og:title\" content=\"TMA 011 - SCAE\" \/>\n<meta property=\"og:description\" content=\"Rilevatore Pedoni e Ciclisti  Il TMA-011 \u00e8 destinato al rilevamento di pedoni e ciclisti. La distanza di rilevamento \u00e8 regolabile fino a 30 m.  Il sistema adatta la durata del verde pedonale al flusso dell&#039;attraversamento. Inoltre pu\u00f2 riattivare una luce in standby o chiamare una fase verde per i ciclisti, senza far loro appoggiare il piede a terra per premere il pulsante di chiamata. Compatto e leggero, si installa in modo rapido, senza bisogno di arrestare il traffico n\u00e9 di lavori di ingegneria civile.\" \/>\n<meta property=\"og:url\" content=\"https:\/\/keti-test.it\/scae\/product\/tma-011\/\" \/>\n<meta property=\"og:site_name\" content=\"SCAE\" \/>\n<meta property=\"article:modified_time\" content=\"2025-06-07T19:31:56+00:00\" \/>\n<meta property=\"og:image\" content=\"https:\/\/keti-test.it\/scae\/wp-content\/uploads\/2024\/06\/TMA-011.jpg\" \/>\n\t<meta property=\"og:image:width\" content=\"800\" \/>\n\t<meta property=\"og:image:height\" content=\"949\" \/>\n\t<meta property=\"og:image:type\" content=\"image\/jpeg\" \/>\n<meta name=\"twitter:card\" content=\"summary_large_image\" \/>\n<script type=\"application\/ld+json\" class=\"yoast-schema-graph\">{\"@context\":\"https:\/\/schema.org\",\"@graph\":[{\"@type\":\"WebPage\",\"@id\":\"https:\/\/keti-test.it\/scae\/product\/tma-011\/\",\"url\":\"https:\/\/keti-test.it\/scae\/product\/tma-011\/\",\"name\":\"TMA 011 - SCAE\",\"isPartOf\":{\"@id\":\"https:\/\/keti-test.it\/scae\/#website\"},\"datePublished\":\"2024-06-28T11:40:02+00:00\",\"dateModified\":\"2025-06-07T19:31:56+00:00\",\"breadcrumb\":{\"@id\":\"https:\/\/keti-test.it\/scae\/product\/tma-011\/#breadcrumb\"},\"inLanguage\":\"it-IT\",\"potentialAction\":[{\"@type\":\"ReadAction\",\"target\":[\"https:\/\/keti-test.it\/scae\/product\/tma-011\/\"]}]},{\"@type\":\"BreadcrumbList\",\"@id\":\"https:\/\/keti-test.it\/scae\/product\/tma-011\/#breadcrumb\",\"itemListElement\":[{\"@type\":\"ListItem\",\"position\":1,\"name\":\"Home\",\"item\":\"https:\/\/keti-test.it\/scae\/\"},{\"@type\":\"ListItem\",\"position\":2,\"name\":\"Prodotti\",\"item\":\"https:\/\/keti-test.it\/scae\/shop__trashed\/\"},{\"@type\":\"ListItem\",\"position\":3,\"name\":\"TMA 011\"}]},{\"@type\":\"WebSite\",\"@id\":\"https:\/\/keti-test.it\/scae\/#website\",\"url\":\"https:\/\/keti-test.it\/scae\/\",\"name\":\"SCAE\",\"description\":\"Safe Mobility\",\"potentialAction\":[{\"@type\":\"SearchAction\",\"target\":{\"@type\":\"EntryPoint\",\"urlTemplate\":\"https:\/\/keti-test.it\/scae\/?s={search_term_string}\"},\"query-input\":\"required name=search_term_string\"}],\"inLanguage\":\"it-IT\"}]}<\/script>\n<!-- \/ Yoast SEO plugin. -->","yoast_head_json":{"title":"TMA 011 - SCAE","robots":{"index":"index","follow":"follow","max-snippet":"max-snippet:-1","max-image-preview":"max-image-preview:large","max-video-preview":"max-video-preview:-1"},"canonical":"https:\/\/keti-test.it\/scae\/product\/tma-011\/","og_locale":"it_IT","og_type":"article","og_title":"TMA 011 - SCAE","og_description":"Rilevatore Pedoni e Ciclisti  Il TMA-011 \u00e8 destinato al rilevamento di pedoni e ciclisti. La distanza di rilevamento \u00e8 regolabile fino a 30 m.  Il sistema adatta la durata del verde pedonale al flusso dell'attraversamento. Inoltre pu\u00f2 riattivare una luce in standby o chiamare una fase verde per i ciclisti, senza far loro appoggiare il piede a terra per premere il pulsante di chiamata. Compatto e leggero, si installa in modo rapido, senza bisogno di arrestare il traffico n\u00e9 di lavori di ingegneria civile.","og_url":"https:\/\/keti-test.it\/scae\/product\/tma-011\/","og_site_name":"SCAE","article_modified_time":"2025-06-07T19:31:56+00:00","og_image":[{"width":800,"height":949,"url":"https:\/\/keti-test.it\/scae\/wp-content\/uploads\/2024\/06\/TMA-011.jpg","type":"image\/jpeg"}],"twitter_card":"summary_large_image","schema":{"@context":"https:\/\/schema.org","@graph":[{"@type":"WebPage","@id":"https:\/\/keti-test.it\/scae\/product\/tma-011\/","url":"https:\/\/keti-test.it\/scae\/product\/tma-011\/","name":"TMA 011 - SCAE","isPartOf":{"@id":"https:\/\/keti-test.it\/scae\/#website"},"datePublished":"2024-06-28T11:40:02+00:00","dateModified":"2025-06-07T19:31:56+00:00","breadcrumb":{"@id":"https:\/\/keti-test.it\/scae\/product\/tma-011\/#breadcrumb"},"inLanguage":"it-IT","potentialAction":[{"@type":"ReadAction","target":["https:\/\/keti-test.it\/scae\/product\/tma-011\/"]}]},{"@type":"BreadcrumbList","@id":"https:\/\/keti-test.it\/scae\/product\/tma-011\/#breadcrumb","itemListElement":[{"@type":"ListItem","position":1,"name":"Home","item":"https:\/\/keti-test.it\/scae\/"},{"@type":"ListItem","position":2,"name":"Prodotti","item":"https:\/\/keti-test.it\/scae\/shop__trashed\/"},{"@type":"ListItem","position":3,"name":"TMA 011"}]},{"@type":"WebSite","@id":"https:\/\/keti-test.it\/scae\/#website","url":"https:\/\/keti-test.it\/scae\/","name":"SCAE","description":"Safe Mobility","potentialAction":[{"@type":"SearchAction","target":{"@type":"EntryPoint","urlTemplate":"https:\/\/keti-test.it\/scae\/?s={search_term_string}"},"query-input":"required name=search_term_string"}],"inLanguage":"it-IT"}]}},"_links":{"self":[{"href":"https:\/\/keti-test.it\/scae\/wp-json\/wp\/v2\/product\/5433","targetHints":{"allow":["GET"]}}],"collection":[{"href":"https:\/\/keti-test.it\/scae\/wp-json\/wp\/v2\/product"}],"about":[{"href":"https:\/\/keti-test.it\/scae\/wp-json\/wp\/v2\/types\/product"}],"replies":[{"embeddable":true,"href":"https:\/\/keti-test.it\/scae\/wp-json\/wp\/v2\/comments?post=5433"}],"wp:featuredmedia":[{"embeddable":true,"href":"https:\/\/keti-test.it\/scae\/wp-json\/wp\/v2\/media\/5434"}],"wp:attachment":[{"href":"https:\/\/keti-test.it\/scae\/wp-json\/wp\/v2\/media?parent=5433"}],"wp:term":[{"taxonomy":"product_cat","embeddable":true,"href":"https:\/\/keti-test.it\/scae\/wp-json\/wp\/v2\/product_cat?post=5433"},{"taxonomy":"product_tag","embeddable":true,"href":"https:\/\/keti-test.it\/scae\/wp-json\/wp\/v2\/product_tag?post=5433"}],"curies":[{"name":"wp","href":"https:\/\/api.w.org\/{rel}","templated":true}]}}