{"id":5435,"date":"2024-06-28T11:43:49","date_gmt":"2024-06-28T11:43:49","guid":{"rendered":"https:\/\/keti-test.it\/scae\/?post_type=product&#038;p=5435"},"modified":"2025-06-05T09:54:05","modified_gmt":"2025-06-05T09:54:05","slug":"tma-60","status":"publish","type":"product","link":"https:\/\/keti-test.it\/scae\/product\/tma-60\/","title":{"rendered":"TMA 60"},"content":{"rendered":"","protected":false},"excerpt":{"rendered":"<p><strong>SENSORE RADAR TMA-60<\/strong><\/p>\n<p>Il TMA-60 \u00e8 un radar multifunzione con soglia di rilevamento regolabile. Quando viene rilevata una velocit\u00e0 all&#8217;interno dell&#8217;intervallo di distanza scelto, il rel\u00e8 si attiva, fino a quando il veicolo si ferma o non soddisfa pi\u00f9 le condizioni prescelte.<\/p>\n","protected":false},"featured_media":5437,"comment_status":"closed","ping_status":"closed","template":"","meta":[],"product_cat":[60,64],"product_tag":[],"class_list":["post-5435","product","type-product","status-publish","has-post-thumbnail","hentry","product_cat-impianti-semaforici","product_cat-sensori"],"yoast_head":"<!-- This site is optimized with the Yoast SEO plugin v19.6 - https:\/\/yoast.com\/wordpress\/plugins\/seo\/ -->\n<title>TMA 60 - SCAE<\/title>\n<meta name=\"robots\" content=\"index, follow, max-snippet:-1, max-image-preview:large, max-video-preview:-1\" \/>\n<link rel=\"canonical\" href=\"https:\/\/keti-test.it\/scae\/product\/tma-60\/\" \/>\n<meta property=\"og:locale\" content=\"it_IT\" \/>\n<meta property=\"og:type\" content=\"article\" \/>\n<meta property=\"og:title\" content=\"TMA 60 - SCAE\" \/>\n<meta property=\"og:description\" content=\"SENSORE RADAR TMA-60  Il TMA-60 \u00e8 un radar multifunzione con soglia di rilevamento regolabile. Quando viene rilevata una velocit\u00e0 all&#039;interno dell&#039;intervallo di distanza scelto, il rel\u00e8 si attiva, fino a quando il veicolo si ferma o non soddisfa pi\u00f9 le condizioni prescelte.\" \/>\n<meta property=\"og:url\" content=\"https:\/\/keti-test.it\/scae\/product\/tma-60\/\" \/>\n<meta property=\"og:site_name\" content=\"SCAE\" \/>\n<meta property=\"article:modified_time\" content=\"2025-06-05T09:54:05+00:00\" \/>\n<meta property=\"og:image\" content=\"https:\/\/keti-test.it\/scae\/wp-content\/uploads\/2024\/06\/TMA-60.jpg\" \/>\n\t<meta property=\"og:image:width\" content=\"800\" \/>\n\t<meta property=\"og:image:height\" content=\"949\" \/>\n\t<meta property=\"og:image:type\" content=\"image\/jpeg\" \/>\n<meta name=\"twitter:card\" content=\"summary_large_image\" \/>\n<script type=\"application\/ld+json\" class=\"yoast-schema-graph\">{\"@context\":\"https:\/\/schema.org\",\"@graph\":[{\"@type\":\"WebPage\",\"@id\":\"https:\/\/keti-test.it\/scae\/product\/tma-60\/\",\"url\":\"https:\/\/keti-test.it\/scae\/product\/tma-60\/\",\"name\":\"TMA 60 - SCAE\",\"isPartOf\":{\"@id\":\"https:\/\/keti-test.it\/scae\/#website\"},\"datePublished\":\"2024-06-28T11:43:49+00:00\",\"dateModified\":\"2025-06-05T09:54:05+00:00\",\"breadcrumb\":{\"@id\":\"https:\/\/keti-test.it\/scae\/product\/tma-60\/#breadcrumb\"},\"inLanguage\":\"it-IT\",\"potentialAction\":[{\"@type\":\"ReadAction\",\"target\":[\"https:\/\/keti-test.it\/scae\/product\/tma-60\/\"]}]},{\"@type\":\"BreadcrumbList\",\"@id\":\"https:\/\/keti-test.it\/scae\/product\/tma-60\/#breadcrumb\",\"itemListElement\":[{\"@type\":\"ListItem\",\"position\":1,\"name\":\"Home\",\"item\":\"https:\/\/keti-test.it\/scae\/\"},{\"@type\":\"ListItem\",\"position\":2,\"name\":\"Prodotti\",\"item\":\"https:\/\/keti-test.it\/scae\/shop__trashed\/\"},{\"@type\":\"ListItem\",\"position\":3,\"name\":\"TMA 60\"}]},{\"@type\":\"WebSite\",\"@id\":\"https:\/\/keti-test.it\/scae\/#website\",\"url\":\"https:\/\/keti-test.it\/scae\/\",\"name\":\"SCAE\",\"description\":\"Safe Mobility\",\"potentialAction\":[{\"@type\":\"SearchAction\",\"target\":{\"@type\":\"EntryPoint\",\"urlTemplate\":\"https:\/\/keti-test.it\/scae\/?s={search_term_string}\"},\"query-input\":\"required name=search_term_string\"}],\"inLanguage\":\"it-IT\"}]}<\/script>\n<!-- \/ Yoast SEO plugin. -->","yoast_head_json":{"title":"TMA 60 - SCAE","robots":{"index":"index","follow":"follow","max-snippet":"max-snippet:-1","max-image-preview":"max-image-preview:large","max-video-preview":"max-video-preview:-1"},"canonical":"https:\/\/keti-test.it\/scae\/product\/tma-60\/","og_locale":"it_IT","og_type":"article","og_title":"TMA 60 - SCAE","og_description":"SENSORE RADAR TMA-60  Il TMA-60 \u00e8 un radar multifunzione con soglia di rilevamento regolabile. Quando viene rilevata una velocit\u00e0 all'interno dell'intervallo di distanza scelto, il rel\u00e8 si attiva, fino a quando il veicolo si ferma o non soddisfa pi\u00f9 le condizioni prescelte.","og_url":"https:\/\/keti-test.it\/scae\/product\/tma-60\/","og_site_name":"SCAE","article_modified_time":"2025-06-05T09:54:05+00:00","og_image":[{"width":800,"height":949,"url":"https:\/\/keti-test.it\/scae\/wp-content\/uploads\/2024\/06\/TMA-60.jpg","type":"image\/jpeg"}],"twitter_card":"summary_large_image","schema":{"@context":"https:\/\/schema.org","@graph":[{"@type":"WebPage","@id":"https:\/\/keti-test.it\/scae\/product\/tma-60\/","url":"https:\/\/keti-test.it\/scae\/product\/tma-60\/","name":"TMA 60 - SCAE","isPartOf":{"@id":"https:\/\/keti-test.it\/scae\/#website"},"datePublished":"2024-06-28T11:43:49+00:00","dateModified":"2025-06-05T09:54:05+00:00","breadcrumb":{"@id":"https:\/\/keti-test.it\/scae\/product\/tma-60\/#breadcrumb"},"inLanguage":"it-IT","potentialAction":[{"@type":"ReadAction","target":["https:\/\/keti-test.it\/scae\/product\/tma-60\/"]}]},{"@type":"BreadcrumbList","@id":"https:\/\/keti-test.it\/scae\/product\/tma-60\/#breadcrumb","itemListElement":[{"@type":"ListItem","position":1,"name":"Home","item":"https:\/\/keti-test.it\/scae\/"},{"@type":"ListItem","position":2,"name":"Prodotti","item":"https:\/\/keti-test.it\/scae\/shop__trashed\/"},{"@type":"ListItem","position":3,"name":"TMA 60"}]},{"@type":"WebSite","@id":"https:\/\/keti-test.it\/scae\/#website","url":"https:\/\/keti-test.it\/scae\/","name":"SCAE","description":"Safe Mobility","potentialAction":[{"@type":"SearchAction","target":{"@type":"EntryPoint","urlTemplate":"https:\/\/keti-test.it\/scae\/?s={search_term_string}"},"query-input":"required name=search_term_string"}],"inLanguage":"it-IT"}]}},"_links":{"self":[{"href":"https:\/\/keti-test.it\/scae\/wp-json\/wp\/v2\/product\/5435","targetHints":{"allow":["GET"]}}],"collection":[{"href":"https:\/\/keti-test.it\/scae\/wp-json\/wp\/v2\/product"}],"about":[{"href":"https:\/\/keti-test.it\/scae\/wp-json\/wp\/v2\/types\/product"}],"replies":[{"embeddable":true,"href":"https:\/\/keti-test.it\/scae\/wp-json\/wp\/v2\/comments?post=5435"}],"wp:featuredmedia":[{"embeddable":true,"href":"https:\/\/keti-test.it\/scae\/wp-json\/wp\/v2\/media\/5437"}],"wp:attachment":[{"href":"https:\/\/keti-test.it\/scae\/wp-json\/wp\/v2\/media?parent=5435"}],"wp:term":[{"taxonomy":"product_cat","embeddable":true,"href":"https:\/\/keti-test.it\/scae\/wp-json\/wp\/v2\/product_cat?post=5435"},{"taxonomy":"product_tag","embeddable":true,"href":"https:\/\/keti-test.it\/scae\/wp-json\/wp\/v2\/product_tag?post=5435"}],"curies":[{"name":"wp","href":"https:\/\/api.w.org\/{rel}","templated":true}]}}