{"id":5444,"date":"2024-06-28T11:59:39","date_gmt":"2024-06-28T11:59:39","guid":{"rendered":"https:\/\/keti-test.it\/scae\/?post_type=product&#038;p=5444"},"modified":"2025-06-07T19:34:35","modified_gmt":"2025-06-07T19:34:35","slug":"traficam-ai","status":"publish","type":"product","link":"https:\/\/keti-test.it\/scae\/product\/traficam-ai\/","title":{"rendered":"TRAFICAM AI"},"content":{"rendered":"","protected":false},"excerpt":{"rendered":"<p><strong>Sensore di traffico HD basato su AI<\/strong><\/p>\n<p><strong>TrafiCam AI<\/strong> \u00e8 un<strong> sensore intelligente a luce visibile HD<\/strong> progettato per rilevare e classificare in modo affidabile gli utenti della strada, per il monitoraggio del traffico in ambienti urbani complessi. Basato su una <strong>telecamera HD low light<\/strong> e su algoritmi AI perfezionati in oltre 25 anni di esperienza nella rilevazione del traffico, <strong>TrafiCam AI<\/strong> offre una visione dettagliata e funzioni di raccolta dati per rendere le citt\u00e0 pi\u00f9 sicure ed efficienti.<\/p>\n<p>Si avvale di intelligenza artificiale avanzata in grado di tracciare pi\u00f9 oggetti, per controllare efficacemente gli incroci ed acquisire dati dettagliati sul traffico per prendere decisioni pi\u00f9 mirate sulla pianificazione della viabilit\u00e0.<\/p>\n","protected":false},"featured_media":5446,"comment_status":"closed","ping_status":"closed","template":"","meta":[],"product_cat":[60,64],"product_tag":[],"class_list":["post-5444","product","type-product","status-publish","has-post-thumbnail","hentry","product_cat-impianti-semaforici","product_cat-sensori"],"yoast_head":"<!-- This site is optimized with the Yoast SEO plugin v19.6 - https:\/\/yoast.com\/wordpress\/plugins\/seo\/ -->\n<title>TRAFICAM AI - SCAE<\/title>\n<meta name=\"robots\" content=\"index, follow, max-snippet:-1, max-image-preview:large, max-video-preview:-1\" \/>\n<link rel=\"canonical\" href=\"https:\/\/keti-test.it\/scae\/product\/traficam-ai\/\" \/>\n<meta property=\"og:locale\" content=\"it_IT\" \/>\n<meta property=\"og:type\" content=\"article\" \/>\n<meta property=\"og:title\" content=\"TRAFICAM AI - SCAE\" \/>\n<meta property=\"og:description\" content=\"Sensore di traffico HD basato su AI  TrafiCam AI \u00e8 un sensore intelligente a luce visibile HD progettato per rilevare e classificare in modo affidabile gli utenti della strada, per il monitoraggio del traffico in ambienti urbani complessi. Basato su una telecamera HD low light e su algoritmi AI perfezionati in oltre 25 anni di esperienza nella rilevazione del traffico, TrafiCam AI offre una visione dettagliata e funzioni di raccolta dati per rendere le citt\u00e0 pi\u00f9 sicure ed efficienti.  Si avvale di intelligenza artificiale avanzata in grado di tracciare pi\u00f9 oggetti, per controllare efficacemente gli incroci ed acquisire dati dettagliati sul traffico per prendere decisioni pi\u00f9 mirate sulla pianificazione della viabilit\u00e0.\" \/>\n<meta property=\"og:url\" content=\"https:\/\/keti-test.it\/scae\/product\/traficam-ai\/\" \/>\n<meta property=\"og:site_name\" content=\"SCAE\" \/>\n<meta property=\"article:modified_time\" content=\"2025-06-07T19:34:35+00:00\" \/>\n<meta property=\"og:image\" content=\"https:\/\/keti-test.it\/scae\/wp-content\/uploads\/2024\/06\/TRAFICAM-AI.jpg\" \/>\n\t<meta property=\"og:image:width\" content=\"800\" \/>\n\t<meta property=\"og:image:height\" content=\"949\" \/>\n\t<meta property=\"og:image:type\" content=\"image\/jpeg\" \/>\n<meta name=\"twitter:card\" content=\"summary_large_image\" \/>\n<script type=\"application\/ld+json\" class=\"yoast-schema-graph\">{\"@context\":\"https:\/\/schema.org\",\"@graph\":[{\"@type\":\"WebPage\",\"@id\":\"https:\/\/keti-test.it\/scae\/product\/traficam-ai\/\",\"url\":\"https:\/\/keti-test.it\/scae\/product\/traficam-ai\/\",\"name\":\"TRAFICAM AI - SCAE\",\"isPartOf\":{\"@id\":\"https:\/\/keti-test.it\/scae\/#website\"},\"datePublished\":\"2024-06-28T11:59:39+00:00\",\"dateModified\":\"2025-06-07T19:34:35+00:00\",\"breadcrumb\":{\"@id\":\"https:\/\/keti-test.it\/scae\/product\/traficam-ai\/#breadcrumb\"},\"inLanguage\":\"it-IT\",\"potentialAction\":[{\"@type\":\"ReadAction\",\"target\":[\"https:\/\/keti-test.it\/scae\/product\/traficam-ai\/\"]}]},{\"@type\":\"BreadcrumbList\",\"@id\":\"https:\/\/keti-test.it\/scae\/product\/traficam-ai\/#breadcrumb\",\"itemListElement\":[{\"@type\":\"ListItem\",\"position\":1,\"name\":\"Home\",\"item\":\"https:\/\/keti-test.it\/scae\/\"},{\"@type\":\"ListItem\",\"position\":2,\"name\":\"Prodotti\",\"item\":\"https:\/\/keti-test.it\/scae\/shop__trashed\/\"},{\"@type\":\"ListItem\",\"position\":3,\"name\":\"TRAFICAM AI\"}]},{\"@type\":\"WebSite\",\"@id\":\"https:\/\/keti-test.it\/scae\/#website\",\"url\":\"https:\/\/keti-test.it\/scae\/\",\"name\":\"SCAE\",\"description\":\"Safe Mobility\",\"potentialAction\":[{\"@type\":\"SearchAction\",\"target\":{\"@type\":\"EntryPoint\",\"urlTemplate\":\"https:\/\/keti-test.it\/scae\/?s={search_term_string}\"},\"query-input\":\"required name=search_term_string\"}],\"inLanguage\":\"it-IT\"}]}<\/script>\n<!-- \/ Yoast SEO plugin. -->","yoast_head_json":{"title":"TRAFICAM AI - SCAE","robots":{"index":"index","follow":"follow","max-snippet":"max-snippet:-1","max-image-preview":"max-image-preview:large","max-video-preview":"max-video-preview:-1"},"canonical":"https:\/\/keti-test.it\/scae\/product\/traficam-ai\/","og_locale":"it_IT","og_type":"article","og_title":"TRAFICAM AI - SCAE","og_description":"Sensore di traffico HD basato su AI  TrafiCam AI \u00e8 un sensore intelligente a luce visibile HD progettato per rilevare e classificare in modo affidabile gli utenti della strada, per il monitoraggio del traffico in ambienti urbani complessi. Basato su una telecamera HD low light e su algoritmi AI perfezionati in oltre 25 anni di esperienza nella rilevazione del traffico, TrafiCam AI offre una visione dettagliata e funzioni di raccolta dati per rendere le citt\u00e0 pi\u00f9 sicure ed efficienti.  Si avvale di intelligenza artificiale avanzata in grado di tracciare pi\u00f9 oggetti, per controllare efficacemente gli incroci ed acquisire dati dettagliati sul traffico per prendere decisioni pi\u00f9 mirate sulla pianificazione della viabilit\u00e0.","og_url":"https:\/\/keti-test.it\/scae\/product\/traficam-ai\/","og_site_name":"SCAE","article_modified_time":"2025-06-07T19:34:35+00:00","og_image":[{"width":800,"height":949,"url":"https:\/\/keti-test.it\/scae\/wp-content\/uploads\/2024\/06\/TRAFICAM-AI.jpg","type":"image\/jpeg"}],"twitter_card":"summary_large_image","schema":{"@context":"https:\/\/schema.org","@graph":[{"@type":"WebPage","@id":"https:\/\/keti-test.it\/scae\/product\/traficam-ai\/","url":"https:\/\/keti-test.it\/scae\/product\/traficam-ai\/","name":"TRAFICAM AI - SCAE","isPartOf":{"@id":"https:\/\/keti-test.it\/scae\/#website"},"datePublished":"2024-06-28T11:59:39+00:00","dateModified":"2025-06-07T19:34:35+00:00","breadcrumb":{"@id":"https:\/\/keti-test.it\/scae\/product\/traficam-ai\/#breadcrumb"},"inLanguage":"it-IT","potentialAction":[{"@type":"ReadAction","target":["https:\/\/keti-test.it\/scae\/product\/traficam-ai\/"]}]},{"@type":"BreadcrumbList","@id":"https:\/\/keti-test.it\/scae\/product\/traficam-ai\/#breadcrumb","itemListElement":[{"@type":"ListItem","position":1,"name":"Home","item":"https:\/\/keti-test.it\/scae\/"},{"@type":"ListItem","position":2,"name":"Prodotti","item":"https:\/\/keti-test.it\/scae\/shop__trashed\/"},{"@type":"ListItem","position":3,"name":"TRAFICAM AI"}]},{"@type":"WebSite","@id":"https:\/\/keti-test.it\/scae\/#website","url":"https:\/\/keti-test.it\/scae\/","name":"SCAE","description":"Safe Mobility","potentialAction":[{"@type":"SearchAction","target":{"@type":"EntryPoint","urlTemplate":"https:\/\/keti-test.it\/scae\/?s={search_term_string}"},"query-input":"required name=search_term_string"}],"inLanguage":"it-IT"}]}},"_links":{"self":[{"href":"https:\/\/keti-test.it\/scae\/wp-json\/wp\/v2\/product\/5444","targetHints":{"allow":["GET"]}}],"collection":[{"href":"https:\/\/keti-test.it\/scae\/wp-json\/wp\/v2\/product"}],"about":[{"href":"https:\/\/keti-test.it\/scae\/wp-json\/wp\/v2\/types\/product"}],"replies":[{"embeddable":true,"href":"https:\/\/keti-test.it\/scae\/wp-json\/wp\/v2\/comments?post=5444"}],"wp:featuredmedia":[{"embeddable":true,"href":"https:\/\/keti-test.it\/scae\/wp-json\/wp\/v2\/media\/5446"}],"wp:attachment":[{"href":"https:\/\/keti-test.it\/scae\/wp-json\/wp\/v2\/media?parent=5444"}],"wp:term":[{"taxonomy":"product_cat","embeddable":true,"href":"https:\/\/keti-test.it\/scae\/wp-json\/wp\/v2\/product_cat?post=5444"},{"taxonomy":"product_tag","embeddable":true,"href":"https:\/\/keti-test.it\/scae\/wp-json\/wp\/v2\/product_tag?post=5444"}],"curies":[{"name":"wp","href":"https:\/\/api.w.org\/{rel}","templated":true}]}}